{"id":441,"date":"2021-07-17T05:54:40","date_gmt":"2021-07-17T05:54:40","guid":{"rendered":"https:\/\/www.restaurantcusco.com\/divinopiscobar\/?page_id=441"},"modified":"2021-07-17T05:57:02","modified_gmt":"2021-07-17T05:57:02","slug":"carta","status":"publish","type":"page","link":"https:\/\/www.restaurantcusco.com\/divinopiscobar\/carta\/","title":{"rendered":"Carta"},"content":{"rendered":"\t\t<div data-elementor-type=\"wp-page\" data-elementor-id=\"441\" class=\"elementor elementor-441\" data-elementor-post-type=\"page\">\n\t\t\t\t\t\t<section class=\"elementor-section elementor-top-section elementor-element elementor-element-f0c841b elementor-section-boxed elementor-section-height-default elementor-section-height-default\" data-id=\"f0c841b\" data-element_type=\"section\" data-settings=\"{&quot;jet_parallax_layout_list&quot;:[{&quot;jet_parallax_layout_image&quot;:{&quot;url&quot;:&quot;&quot;,&quot;id&quot;:&quot;&quot;,&quot;size&quot;:&quot;&quot;},&quot;_id&quot;:&quot;45bec6b&quot;,&quot;jet_parallax_layout_image_tablet&quot;:{&quot;url&quot;:&quot;&quot;,&quot;id&quot;:&quot;&quot;,&quot;size&quot;:&quot;&quot;},&quot;jet_parallax_layout_image_mobile&quot;:{&quot;url&quot;:&quot;&quot;,&quot;id&quot;:&quot;&quot;,&quot;size&quot;:&quot;&quot;},&quot;jet_parallax_layout_speed&quot;:{&quot;unit&quot;:&quot;%&quot;,&quot;size&quot;:50,&quot;sizes&quot;:[]},&quot;jet_parallax_layout_type&quot;:&quot;scroll&quot;,&quot;jet_parallax_layout_direction&quot;:null,&quot;jet_parallax_layout_fx_direction&quot;:null,&quot;jet_parallax_layout_z_index&quot;:&quot;&quot;,&quot;jet_parallax_layout_bg_x&quot;:50,&quot;jet_parallax_layout_bg_x_tablet&quot;:&quot;&quot;,&quot;jet_parallax_layout_bg_x_mobile&quot;:&quot;&quot;,&quot;jet_parallax_layout_bg_y&quot;:50,&quot;jet_parallax_layout_bg_y_tablet&quot;:&quot;&quot;,&quot;jet_parallax_layout_bg_y_mobile&quot;:&quot;&quot;,&quot;jet_parallax_layout_bg_size&quot;:&quot;auto&quot;,&quot;jet_parallax_layout_bg_size_tablet&quot;:&quot;&quot;,&quot;jet_parallax_layout_bg_size_mobile&quot;:&quot;&quot;,&quot;jet_parallax_layout_animation_prop&quot;:&quot;transform&quot;,&quot;jet_parallax_layout_on&quot;:[&quot;desktop&quot;,&quot;tablet&quot;]}]}\">\n\t\t\t\t\t\t<div class=\"elementor-container elementor-column-gap-default\">\n\t\t\t\t\t<div class=\"elementor-column elementor-col-100 elementor-top-column elementor-element elementor-element-7a4fbe8\" data-id=\"7a4fbe8\" data-element_type=\"column\">\n\t\t\t<div class=\"elementor-widget-wrap elementor-element-populated\">\n\t\t\t\t\t\t<div class=\"elementor-element elementor-element-9202a72 elementor-widget elementor-widget-text-editor\" data-id=\"9202a72\" data-element_type=\"widget\" data-widget_type=\"text-editor.default\">\n\t\t\t\t<div class=\"elementor-widget-container\">\n\t\t\t\t\t\t\t<p>Disfrutara de una variedad de bebidas especiales preparadas con gin, tequila, wisky, ron, pisco, vodka, etc y podr\u00e1s elegir entre cocteles cl\u00e1sicos que jam\u00e1s pasaran de moda hasta bebidas originales con creaciones aut\u00e9nticas y presentaciones espectaculares, que invitan a admirarlas antes de degustarlas.<\/p>\t\t\t\t\t\t<\/div>\n\t\t\t\t<\/div>\n\t\t\t\t\t<\/div>\n\t\t<\/div>\n\t\t\t\t\t<\/div>\n\t\t<\/section>\n\t\t\t\t<\/div>\n\t\t","protected":false},"excerpt":{"rendered":"<p>Disfrutara de una variedad de bebidas especiales preparadas con gin, tequila, wisky, ron, pisco, vodka, etc y podr\u00e1s elegir entre cocteles cl\u00e1sicos que jam\u00e1s pasaran de moda hasta bebidas originales con creaciones aut\u00e9nticas y presentaciones espectaculares, que invitan a admirarlas antes de degustarlas.<\/p>\n","protected":false},"author":1,"featured_media":0,"parent":0,"menu_order":0,"comment_status":"closed","ping_status":"closed","template":"elementor_header_footer","meta":{"footnotes":""},"class_list":["post-441","page","type-page","status-publish","hentry"],"yoast_head":"<!-- This site is optimized with the Yoast SEO plugin v22.8 - https:\/\/yoast.com\/wordpress\/plugins\/seo\/ -->\n<title>Carta - Divino Pisco Bar<\/title>\n<meta name=\"robots\" content=\"index, follow, max-snippet:-1, max-image-preview:large, max-video-preview:-1\" \/>\n<link rel=\"canonical\" href=\"https:\/\/www.restaurantcusco.com\/divinopiscobar\/carta\/\" \/>\n<meta property=\"og:locale\" content=\"es_ES\" \/>\n<meta property=\"og:type\" content=\"article\" \/>\n<meta property=\"og:title\" content=\"Carta - Divino Pisco Bar\" \/>\n<meta property=\"og:description\" content=\"Disfrutara de una variedad de bebidas especiales preparadas con gin, tequila, wisky, ron, pisco, vodka, etc y podr\u00e1s elegir entre cocteles cl\u00e1sicos que jam\u00e1s pasaran de moda hasta bebidas originales con creaciones aut\u00e9nticas y presentaciones espectaculares, que invitan a admirarlas antes de degustarlas.\" \/>\n<meta property=\"og:url\" content=\"https:\/\/www.restaurantcusco.com\/divinopiscobar\/carta\/\" \/>\n<meta property=\"og:site_name\" content=\"Divino Pisco Bar\" \/>\n<meta property=\"article:modified_time\" content=\"2021-07-17T05:57:02+00:00\" \/>\n<meta name=\"twitter:card\" content=\"summary_large_image\" \/>\n<meta name=\"twitter:label1\" content=\"Tiempo de lectura\" \/>\n\t<meta name=\"twitter:data1\" content=\"1 minuto\" \/>\n<script type=\"application\/ld+json\" class=\"yoast-schema-graph\">{\"@context\":\"https:\/\/schema.org\",\"@graph\":[{\"@type\":\"WebPage\",\"@id\":\"https:\/\/www.restaurantcusco.com\/divinopiscobar\/carta\/\",\"url\":\"https:\/\/www.restaurantcusco.com\/divinopiscobar\/carta\/\",\"name\":\"Carta - Divino Pisco Bar\",\"isPartOf\":{\"@id\":\"https:\/\/www.restaurantcusco.com\/divinopiscobar\/#website\"},\"datePublished\":\"2021-07-17T05:54:40+00:00\",\"dateModified\":\"2021-07-17T05:57:02+00:00\",\"breadcrumb\":{\"@id\":\"https:\/\/www.restaurantcusco.com\/divinopiscobar\/carta\/#breadcrumb\"},\"inLanguage\":\"es\",\"potentialAction\":[{\"@type\":\"ReadAction\",\"target\":[\"https:\/\/www.restaurantcusco.com\/divinopiscobar\/carta\/\"]}]},{\"@type\":\"BreadcrumbList\",\"@id\":\"https:\/\/www.restaurantcusco.com\/divinopiscobar\/carta\/#breadcrumb\",\"itemListElement\":[{\"@type\":\"ListItem\",\"position\":1,\"name\":\"Divino Pisco Bar\",\"item\":\"https:\/\/www.restaurantcusco.com\/divinopiscobar\/\"},{\"@type\":\"ListItem\",\"position\":2,\"name\":\"Carta\"}]},{\"@type\":\"WebSite\",\"@id\":\"https:\/\/www.restaurantcusco.com\/divinopiscobar\/#website\",\"url\":\"https:\/\/www.restaurantcusco.com\/divinopiscobar\/\",\"name\":\"Divino Pisco Bar\",\"description\":\"Pisco Bar\",\"publisher\":{\"@id\":\"https:\/\/www.restaurantcusco.com\/divinopiscobar\/#organization\"},\"potentialAction\":[{\"@type\":\"SearchAction\",\"target\":{\"@type\":\"EntryPoint\",\"urlTemplate\":\"https:\/\/www.restaurantcusco.com\/divinopiscobar\/?s={search_term_string}\"},\"query-input\":\"required name=search_term_string\"}],\"inLanguage\":\"es\"},{\"@type\":\"Organization\",\"@id\":\"https:\/\/www.restaurantcusco.com\/divinopiscobar\/#organization\",\"name\":\"Divina Comedia\",\"url\":\"https:\/\/www.restaurantcusco.com\/divinopiscobar\/\",\"logo\":{\"@type\":\"ImageObject\",\"inLanguage\":\"es\",\"@id\":\"https:\/\/www.restaurantcusco.com\/divinopiscobar\/#\/schema\/logo\/image\/\",\"url\":\"https:\/\/www.restaurantcusco.com\/divinopiscobar\/wp-content\/uploads\/sites\/3\/2021\/06\/logo-pisco-bar.png\",\"contentUrl\":\"https:\/\/www.restaurantcusco.com\/divinopiscobar\/wp-content\/uploads\/sites\/3\/2021\/06\/logo-pisco-bar.png\",\"width\":276,\"height\":91,\"caption\":\"Divina Comedia\"},\"image\":{\"@id\":\"https:\/\/www.restaurantcusco.com\/divinopiscobar\/#\/schema\/logo\/image\/\"}}]}<\/script>\n<!-- \/ Yoast SEO plugin. -->","yoast_head_json":{"title":"Carta - Divino Pisco Bar","robots":{"index":"index","follow":"follow","max-snippet":"max-snippet:-1","max-image-preview":"max-image-preview:large","max-video-preview":"max-video-preview:-1"},"canonical":"https:\/\/www.restaurantcusco.com\/divinopiscobar\/carta\/","og_locale":"es_ES","og_type":"article","og_title":"Carta - Divino Pisco Bar","og_description":"Disfrutara de una variedad de bebidas especiales preparadas con gin, tequila, wisky, ron, pisco, vodka, etc y podr\u00e1s elegir entre cocteles cl\u00e1sicos que jam\u00e1s pasaran de moda hasta bebidas originales con creaciones aut\u00e9nticas y presentaciones espectaculares, que invitan a admirarlas antes de degustarlas.","og_url":"https:\/\/www.restaurantcusco.com\/divinopiscobar\/carta\/","og_site_name":"Divino Pisco Bar","article_modified_time":"2021-07-17T05:57:02+00:00","twitter_card":"summary_large_image","twitter_misc":{"Tiempo de lectura":"1 minuto"},"schema":{"@context":"https:\/\/schema.org","@graph":[{"@type":"WebPage","@id":"https:\/\/www.restaurantcusco.com\/divinopiscobar\/carta\/","url":"https:\/\/www.restaurantcusco.com\/divinopiscobar\/carta\/","name":"Carta - Divino Pisco Bar","isPartOf":{"@id":"https:\/\/www.restaurantcusco.com\/divinopiscobar\/#website"},"datePublished":"2021-07-17T05:54:40+00:00","dateModified":"2021-07-17T05:57:02+00:00","breadcrumb":{"@id":"https:\/\/www.restaurantcusco.com\/divinopiscobar\/carta\/#breadcrumb"},"inLanguage":"es","potentialAction":[{"@type":"ReadAction","target":["https:\/\/www.restaurantcusco.com\/divinopiscobar\/carta\/"]}]},{"@type":"BreadcrumbList","@id":"https:\/\/www.restaurantcusco.com\/divinopiscobar\/carta\/#breadcrumb","itemListElement":[{"@type":"ListItem","position":1,"name":"Divino Pisco Bar","item":"https:\/\/www.restaurantcusco.com\/divinopiscobar\/"},{"@type":"ListItem","position":2,"name":"Carta"}]},{"@type":"WebSite","@id":"https:\/\/www.restaurantcusco.com\/divinopiscobar\/#website","url":"https:\/\/www.restaurantcusco.com\/divinopiscobar\/","name":"Divino Pisco Bar","description":"Pisco Bar","publisher":{"@id":"https:\/\/www.restaurantcusco.com\/divinopiscobar\/#organization"},"potentialAction":[{"@type":"SearchAction","target":{"@type":"EntryPoint","urlTemplate":"https:\/\/www.restaurantcusco.com\/divinopiscobar\/?s={search_term_string}"},"query-input":"required name=search_term_string"}],"inLanguage":"es"},{"@type":"Organization","@id":"https:\/\/www.restaurantcusco.com\/divinopiscobar\/#organization","name":"Divina Comedia","url":"https:\/\/www.restaurantcusco.com\/divinopiscobar\/","logo":{"@type":"ImageObject","inLanguage":"es","@id":"https:\/\/www.restaurantcusco.com\/divinopiscobar\/#\/schema\/logo\/image\/","url":"https:\/\/www.restaurantcusco.com\/divinopiscobar\/wp-content\/uploads\/sites\/3\/2021\/06\/logo-pisco-bar.png","contentUrl":"https:\/\/www.restaurantcusco.com\/divinopiscobar\/wp-content\/uploads\/sites\/3\/2021\/06\/logo-pisco-bar.png","width":276,"height":91,"caption":"Divina Comedia"},"image":{"@id":"https:\/\/www.restaurantcusco.com\/divinopiscobar\/#\/schema\/logo\/image\/"}}]}},"_links":{"self":[{"href":"https:\/\/www.restaurantcusco.com\/divinopiscobar\/wp-json\/wp\/v2\/pages\/441","targetHints":{"allow":["GET"]}}],"collection":[{"href":"https:\/\/www.restaurantcusco.com\/divinopiscobar\/wp-json\/wp\/v2\/pages"}],"about":[{"href":"https:\/\/www.restaurantcusco.com\/divinopiscobar\/wp-json\/wp\/v2\/types\/page"}],"author":[{"embeddable":true,"href":"https:\/\/www.restaurantcusco.com\/divinopiscobar\/wp-json\/wp\/v2\/users\/1"}],"replies":[{"embeddable":true,"href":"https:\/\/www.restaurantcusco.com\/divinopiscobar\/wp-json\/wp\/v2\/comments?post=441"}],"version-history":[{"count":4,"href":"https:\/\/www.restaurantcusco.com\/divinopiscobar\/wp-json\/wp\/v2\/pages\/441\/revisions"}],"predecessor-version":[{"id":445,"href":"https:\/\/www.restaurantcusco.com\/divinopiscobar\/wp-json\/wp\/v2\/pages\/441\/revisions\/445"}],"wp:attachment":[{"href":"https:\/\/www.restaurantcusco.com\/divinopiscobar\/wp-json\/wp\/v2\/media?parent=441"}],"curies":[{"name":"wp","href":"https:\/\/api.w.org\/{rel}","templated":true}]}}